{"id":2,"date":"2016-05-10T03:48:21","date_gmt":"2016-05-10T03:48:21","guid":{"rendered":"http:\/\/wp452m.a10-52-158-154.qa.plesk.ru\/wordpress\/?page_id=2"},"modified":"2024-03-22T21:02:51","modified_gmt":"2024-03-22T21:02:51","slug":"sample-page","status":"publish","type":"page","link":"https:\/\/rogalalegal.com\/?page_id=2&lang=pl","title":{"rendered":"O nas"},"content":{"rendered":"<p><img decoding=\"async\" loading=\"lazy\" class=\"alignnone size-medium wp-image-546\" src=\"http:\/\/rogalalegal.com\/wp-content\/uploads\/2024\/03\/02-1-200x300.jpeg\" alt=\"\" width=\"200\" height=\"300\" srcset=\"https:\/\/rogalalegal.com\/wp-content\/uploads\/2024\/03\/02-1-200x300.jpeg 200w, https:\/\/rogalalegal.com\/wp-content\/uploads\/2024\/03\/02-1-768x1152.jpeg 768w, https:\/\/rogalalegal.com\/wp-content\/uploads\/2024\/03\/02-1-1024x1536.jpeg 1024w, https:\/\/rogalalegal.com\/wp-content\/uploads\/2024\/03\/02-1-1365x2048.jpeg 1365w, https:\/\/rogalalegal.com\/wp-content\/uploads\/2024\/03\/02-1-scaled.jpeg 1707w\" sizes=\"(max-width: 200px) 100vw, 200px\" \/><\/p>\n<p><strong>Bartosz Rogala<\/strong> \u2013 radca prawny, cz\u0142onek Okr\u0119gowej Izby Radc\u00f3w Prawnych w Warszawie, a tak\u017ce niewykonuj\u0105cy zawodu solicitor (prawnik w Anglii i Walii). Absolwent Uniwersytetu Jagiello\u0144skiego, Universit\u00e4t des Saarlandes (LLM) i University of Cambridge (LLM). W latach 2011-2017 zatrudniony w wiod\u0105cych kancelariach adwokackich w Krakowie oraz organizacjach pozarz\u0105dowych. Sta\u017c w Komisji Europejskiej w roku 2011. Bieg\u0142a znajomo\u015b\u0107 j\u0119zyka angielskiego (lektor legal English), pos\u0142uguje si\u0119 tak\u017ce j\u0119zykiem niemieckim. Posiada do\u015bwiadczenie w sprawach administracyjnych z zakresu prawa ochrony \u015brodowiska i sprawach mi\u0119dzynarodowych.<\/p>\n<p><strong>Duszan Storto<\/strong> \u2013 adwokat. Absolwent Uniwersytetu Jagiello\u0144skiego. Mecenas Storto zajmuje si\u0119 g\u0142\u00f3wnie prawem cywilnym oraz prawem gospodarczym. Posiada tak\u017ce posiada tak\u017ce do\u015bwiadczenie w sprawach karnych.<\/p>\n<p>Kancelaria stale wsp\u00f3\u0142pracuje tak\u017ce z doktorantk\u0105 na Wydziale Prawa i Administracji Uniwersytetu Jagiello\u0144skiego posiadaj\u0105c\u0105 wieloletnie do\u015bwiadczenie w zakresie obs\u0142ugi du\u017cych firm, t\u0142umaczami przysi\u0119g\u0142ymi, a tak\u017ce rzeczoznawcami maj\u0105tkowymi.<\/p>\n<p><b>Nota prawna:<\/b><\/p>\n<p align=\"JUSTIFY\">Niniejsza strona nie stanowi reklamy i s\u0142u\u017cy jedynie celom informacyjnym. Tre\u015b\u0107 strony nie stanowi r\u00f3wnie\u017c oferty w rozumieniu przepis\u00f3w Kodeksu cywilnego. \u017badna z prezentowanych informacji nie stanowi porady prawnej. W celu uzyskania porady prawnej, zapraszam do kontaktu. Dochowuj\u0119 stara\u0144, by informacje zamieszczane na stronie by\u0142y aktualne na dzie\u0144 publikacji. Nie gwarantuj\u0119 jednak ich aktualno\u015bci w p\u00f3\u017aniejszym czasie (w szczeg\u00f3lno\u015bci w przypadku zmiany stanu prawnego). W zakresie dozwolonym przez prawo wykluczam moj\u0105 odpowiedzialno\u015b\u0107 zwi\u0105zan\u0105 z korzystaniem z niniejszej strony.<\/p>\n","protected":false},"excerpt":{"rendered":"<p>Bartosz Rogala \u2013 radca prawny, cz\u0142onek Okr\u0119gowej Izby Radc\u00f3w Prawnych w Warszawie, a tak\u017ce niewykonuj\u0105cy zawodu solicitor (prawnik w Anglii i Walii). Absolwent Uniwersytetu Jagiello\u0144skiego, Universit\u00e4t des Saarlandes (LLM) i University of Cambridge (LLM). W latach 2011-2017 zatrudniony w wiod\u0105cych kancelariach adwokackich w Krakowie oraz organizacjach pozarz\u0105dowych. Sta\u017c w Komisji Europejskiej w roku 2011. Bieg\u0142a [&hellip;]<\/p>\n","protected":false},"author":1,"featured_media":0,"parent":0,"menu_order":0,"comment_status":"closed","ping_status":"open","template":"","meta":[],"_links":{"self":[{"href":"https:\/\/rogalalegal.com\/index.php?rest_route=\/wp\/v2\/pages\/2"}],"collection":[{"href":"https:\/\/rogalalegal.com\/index.php?rest_route=\/wp\/v2\/pages"}],"about":[{"href":"https:\/\/rogalalegal.com\/index.php?rest_route=\/wp\/v2\/types\/page"}],"author":[{"embeddable":true,"href":"https:\/\/rogalalegal.com\/index.php?rest_route=\/wp\/v2\/users\/1"}],"replies":[{"embeddable":true,"href":"https:\/\/rogalalegal.com\/index.php?rest_route=%2Fwp%2Fv2%2Fcomments&post=2"}],"version-history":[{"count":69,"href":"https:\/\/rogalalegal.com\/index.php?rest_route=\/wp\/v2\/pages\/2\/revisions"}],"predecessor-version":[{"id":547,"href":"https:\/\/rogalalegal.com\/index.php?rest_route=\/wp\/v2\/pages\/2\/revisions\/547"}],"wp:attachment":[{"href":"https:\/\/rogalalegal.com\/index.php?rest_route=%2Fwp%2Fv2%2Fmedia&parent=2"}],"curies":[{"name":"wp","href":"https:\/\/api.w.org\/{rel}","templated":true}]}}